{"id":142,"date":"2025-02-27T23:29:45","date_gmt":"2025-02-27T23:29:45","guid":{"rendered":"https:\/\/aventurastenerife.es\/nosotros\/"},"modified":"2026-02-06T00:52:57","modified_gmt":"2026-02-06T00:52:57","slug":"nosotros","status":"publish","type":"page","link":"https:\/\/aventurastenerife.es\/en\/nosotros\/","title":{"rendered":"Nosotros"},"content":{"rendered":"<section class=\"header_14_1 background-1-light\" id=\"\" data-block-id=\"69ddfe1077b9d69ddfe1077b9e\" data-block-name=\"acf\/header-14-1\" data-post-id=\"142\" data-stable-id=\"block_c647267414c855871c1420f8f6debcf2\">\r\n    <div class=\"container\">\r\n        <div class=\"row\">\r\n            <div class=\"col col-top\" data-aos=\"fade-up\">\r\n                                <div class=\"subtitulo color-1-headings-dark tamano6\">Explora Tenerife<\/div>\r\n                                                <h1 class=\"tamano2 color-1-headings-dark\">Experiencias \u00danicas en la Hermosa Isla de Tenerife<\/h1>\r\n                                                <div class=\"texto tamano7 color-1-body-dark\"><p>Descubre aventuras inolvidables hoy mismo.<\/p>\n<\/div>\r\n                \r\n                                <div class=\"enlaces\">\r\n                                            <a href=\"https:\/\/aventurastenerife.es\/servicios\/\" target=\"\" class=\"btn-round tamano-7-mediumcta color-boton-3-texto-normal color-boton-3-texto-hover color-boton-3-normal color-boton-3-hover\">\r\n    \r\n    <span>Explorar<\/span>\r\n<\/a>\r\n\r\n<style>\r\n    .btn-border-rounded {\r\n        border-radius: 12px !important;\r\n    }\r\n\r\n    .btn-border-square {\r\n        border-radius: 0 !important;\r\n    }\r\n\r\n    \/* Estilos de hover *\/\r\n    .btn-hover-hover1:hover {\r\n        filter: contrast(0.55);\r\n    }\r\n\r\n    .btn-hover-hover2:hover {\r\n        filter: sepia(2);\r\n    }\r\n\r\n    \/* Estilos del icono cuando existe *\/\r\n    a i {\r\n        margin-right: 8px;\r\n        font-size: 16px;\r\n    }\r\n\r\n    \/* Icono Lucide *\/\r\n    .btn-icon--lucide {\r\n        display: inline-flex;\r\n        align-items: center;\r\n        justify-content: center;\r\n        margin-right: 8px;\r\n    }\r\n\r\n    .btn-icon--lucide svg {\r\n        width: 16px;\r\n        height: 16px;\r\n        display: block;\r\n    }\r\n<\/style>\r\n                    \r\n                                    <\/div>\r\n                            <\/div>\r\n        <\/div>\r\n    <\/div>\r\n            <div class=\"imagen\" data-aos=\"zoom-in\" style=\"background-image:url('https:\/\/aventurastenerife.es\/wp-content\/uploads\/2025\/02\/Leonardo_Vision_XL_Un_paraso_soleado_en_la_isla_de_Tenerife_co_0.jpg');\"\r\n            aria-label=\"Experiencias \u00fanicas en Tenerife\"><\/div>\r\n    <\/section>\r\n<style>\r\n    .header_14_1 {\r\n        height: 100%;\r\n        max-height: 1081px;\r\n    }\r\n\r\n    .header_14_1 .btn-round {\r\n        border-radius: 60px;\r\n        padding: 12px 25px;\r\n        display: inline-block;\r\n        min-width: 175px;\r\n        text-align: center;\r\n        text-decoration: none;\r\n    }\r\n\r\n    .header_14_1 .btn-round.secundario {\r\n        background-color: var(--color-boton-3-hover);\r\n        color: var(--color-boton-3-texto-hover);\r\n    }\r\n\r\n    .header_14_1 .btn-round.secundario:hover {\r\n        background-color: var(--color-boton-3-normal);\r\n        color: var(--color-boton-3-texto-normal);\r\n    }\r\n\r\n    .header_14_1 .subtitulo {\r\n        padding-bottom: 22px;\r\n    }\r\n\r\n    .header_14_1 .col-top h1 {\r\n        padding-bottom: 22px;\r\n    }\r\n\r\n    .header_14_1 .col-top {\r\n        height: 100%;\r\n        min-height: calc(51dvh - 150px);\r\n        display: flex;\r\n        flex-direction: column;\r\n        justify-content: center;\r\n        align-items: center;\r\n\r\n        max-width: 1230px;\r\n        margin: 0 auto;\r\n        text-align: center;\r\n        padding: 50px 50px 102px;\r\n    }\r\n\r\n    .header_14_1 .imagen {\r\n        height: 500px;\r\n        background-position: center;\r\n        background-repeat: no-repeat;\r\n        background-size: cover;\r\n    }\r\n\r\n    .header_14_1 .enlaces {\r\n        display: inline-flex;\r\n        gap: 25px;\r\n        flex-wrap: wrap;\r\n        margin-top: 35px;\r\n        justify-content: center;\r\n    }\r\n\r\n    @media (max-width:992px) {\r\n        .header_14_1 {\r\n            height: auto;\r\n            max-height: initial;\r\n        }\r\n\r\n        .header_14_1 .col-top {\r\n            min-height: initial;\r\n            padding: 30px 0 50px;\r\n        }\r\n\r\n        .header_14_1 .imagen {\r\n            max-height: 284px;\r\n        }\r\n    }\r\n\r\n    @media (max-width:768px) {\r\n        .header_14_1 .col-top h1 {\r\n            line-height: var(--tamano3-line-height);\r\n        }\r\n    }\r\n\r\n    @media (max-width:400px) {\r\n        .header_14_1 .row {\r\n            margin: 0;\r\n        }\r\n    }\r\n<\/style>\r\n<section class=\"aboutus_14_1 background-1-light\" id=\"\"\r\n    original-block-id=\"block_b1b576cfb770413bae7b0455974ef393\" data-block-id=\"69ddfe107a25369ddfe107a254\" data-block-name=\"acf\/about-us-14-1\" data-post-id=\"142\" data-stable-id=\"block_b1b576cfb770413bae7b0455974ef393\">\r\n    <div class=\"container\">\r\n        <div class=\"row\" data-aos=\"fade-up\">\r\n            <div class=\"col col-titulo\">\r\n                                <h2 class=\"titulo tamano2 color-1-headings-dark\"><span class=\"ez-toc-section\" id=\"Descubre_Tenerife_con_Elegancia_Excursiones_Exclusivas_y_Memorables\"><\/span>Descubre Tenerife con Elegancia: Excursiones Exclusivas y Memorables<span class=\"ez-toc-section-end\"><\/span><\/h2>\r\n                            <\/div>\r\n            <div class=\"col col-down\">\r\n\r\n                                <div class=\"textos\">\r\n                                        <div class=\"texto color-1-body-dark tamano7\">\r\n                        <p>En AYM Excursiones, nos especializamos en ofrecer experiencias \u00fanicas a trav\u00e9s de nuestras exclusivas excursiones por la encantadora isla de Tenerife. Ubicados en este para\u00edso insular, comprendemos la belleza y el encanto que Tenerife ofrece. Ya sea que desees explorar el majestuoso Teide, descubrir la biodiversidad de nuestros parques nacionales o disfrutar de un relajante paseo en barco por la costa, estamos aqu\u00ed para asegurarnos de que vivas una experiencia inigualable. Nuestro compromiso es brindar un servicio excepcional con un toque de elegancia, asegurando que cada excursi\u00f3n sea no solo un viaje, sino un recuerdo imborrable.<\/p>\n                    <\/div>\r\n                    \r\n                                        <div class=\"texto color-1-body-dark tamano7 hide\">\r\n                        <p>Invite a sus sentidos a una aventura exquisita con AYM Excursiones, su puerta de entrada a las maravillas de Tenerife. Ofrecemos una amplia gama de actividades cuidadosamente seleccionadas para satisfacer todos los gustos. Desde aventuras al aire libre hasta recorridos culturales, cada excursi\u00f3n es una celebraci\u00f3n de la belleza natural y la rica historia de nuestra isla. Nuestra finalidad es ofrecerle un viaje que combine la diversi\u00f3n y el descubrimiento con la autenticidad de Tenerife, todo ello envuelto en un servicio de calidad que habla de nuestro compromiso con la excelencia.<\/p>\n                    <\/div>\r\n                                    <\/div>\r\n\r\n                                <div class=\"vermas tamano7 boton-4-texto-normal\">\r\n                    <span class=\"mas tamano7 boton-4-texto-normal\">Read more<\/span>\r\n                    <span class=\"menos hide tamano7 boton-4-texto-normal\">Read less<\/span>\r\n                    <svg width=\"13\" height=\"8\" viewBox=\"0 0 13 8\" fill=\"none\"\r\n                        xmlns=\"http:\/\/www.w3.org\/2000\/svg\">\r\n                        <path id=\"Vector 14\" d=\"M1 1L6.5 6.5L12 1\" stroke=\"currentColor\" stroke-width=\"1.5\" \/>\r\n                    <\/svg>\r\n                <\/div>\r\n                                \r\n                                    <a href=\"#\" target=\"\" class=\"btn-round tamano-7-mediumcta color-boton-1-texto-normal color-boton-1-texto-hover color-boton-1-normal color-boton-1-hover\">\r\n    \r\n    <span>Aymexcursio<\/span>\r\n<\/a>\r\n\r\n<style>\r\n    .btn-border-rounded {\r\n        border-radius: 12px !important;\r\n    }\r\n\r\n    .btn-border-square {\r\n        border-radius: 0 !important;\r\n    }\r\n\r\n    \/* Estilos de hover *\/\r\n    .btn-hover-hover1:hover {\r\n        filter: contrast(0.55);\r\n    }\r\n\r\n    .btn-hover-hover2:hover {\r\n        filter: sepia(2);\r\n    }\r\n\r\n    \/* Estilos del icono cuando existe *\/\r\n    a i {\r\n        margin-right: 8px;\r\n        font-size: 16px;\r\n    }\r\n\r\n    \/* Icono Lucide *\/\r\n    .btn-icon--lucide {\r\n        display: inline-flex;\r\n        align-items: center;\r\n        justify-content: center;\r\n        margin-right: 8px;\r\n    }\r\n\r\n    .btn-icon--lucide svg {\r\n        width: 16px;\r\n        height: 16px;\r\n        display: block;\r\n    }\r\n<\/style>\r\n                \r\n            <\/div>\r\n        <\/div>\r\n    <\/div>\r\n<\/section>\r\n<style>\r\n    .aboutus_14_1 .vermas .hide {\r\n        display: none;\r\n    }\r\n\r\n    .aboutus_14_1 .vermas.show svg {\r\n        transform: rotate(180deg);\r\n    }\r\n\r\n    .aboutus_14_1 .vermas {\r\n        display: none;\r\n        margin-top: 20px;\r\n        align-items: center;\r\n        gap: 10px;\r\n        cursor: pointer;\r\n    }\r\n\r\n    .aboutus_14_1 .vermas span {\r\n        font-weight: var(--tamano5-font-weight);\r\n    }\r\n\r\n    .aboutus_14_1 .btn-round {\r\n        border-radius: 60px;\r\n        padding: 12px 25px !important;\r\n        display: inline-block;\r\n        min-width: 175px;\r\n        text-align: center;\r\n        text-decoration: none;\r\n        margin-top: 40px;\r\n    }\r\n\r\n    .aboutus_14_1 .texto {\r\n        display: flex;\r\n        flex-direction: column;\r\n        gap: 20px;\r\n    }\r\n\r\n    .aboutus_14_1 h2 {\r\n        padding-bottom: 55px;\r\n    }\r\n\r\n    .aboutus_14_1 .textos .texto {\r\n        width: 50%;\r\n    }\r\n\r\n    .aboutus_14_1 .textos {\r\n        display: flex;\r\n        gap: 30px;\r\n    }\r\n\r\n    .aboutus_14_1 {\r\n        position: relative;\r\n        background-position: center;\r\n        background-repeat: no-repeat;\r\n        background-size: cover;\r\n        padding: 81px 150px;\r\n        margin-top: -1px;\r\n    }\r\n\r\n    @media (max-width:1550px) {\r\n        .aboutus_14_1 {\r\n            padding-left: 50px;\r\n            padding-right: 50px;\r\n        }\r\n    }\r\n\r\n    @media (max-width:1200px) {\r\n        .aboutus_14_1 {\r\n            padding-left: 0;\r\n            padding-right: 0;\r\n        }\r\n    }\r\n\r\n    @media (max-width:992px) {\r\n        .aboutus_14_1 .textos {\r\n            flex-direction: column;\r\n            gap: 20px;\r\n        }\r\n\r\n        .aboutus_14_1 .textos .texto {\r\n            width: 100%;\r\n        }\r\n\r\n        .aboutus_14_1 h2 {\r\n            padding-bottom: 35px;\r\n        }\r\n\r\n        .aboutus_14_1 {\r\n            padding: 40px 0;\r\n        }\r\n    }\r\n\r\n    @media (max-width: 768px) {\r\n\r\n        .aboutus_14_1 .textos .texto:first-child p:not(:first-child),\r\n        .aboutus_14_1 .textos .texto:nth-child(2) {\r\n            display: none;\r\n        }\r\n\r\n        .aboutus_14_1 .textos .texto:first-child.show p:not(:first-child),\r\n        .aboutus_14_1 .textos .texto:nth-child(2).show {\r\n            display: block;\r\n        }\r\n\r\n        .aboutus_14_1 .vermas {\r\n            display: flex;\r\n            width: max-content;\r\n        }\r\n\r\n        .aboutus_14_1 h2 {\r\n            line-height: var(--tamano4-line-height);\r\n        }\r\n    }\r\n<\/style>\r\n<script>\r\n    jQuery(document).ready(function($) {\r\n        const $instance = $('.aboutus_14_1[original-block-id=\"block_b1b576cfb770413bae7b0455974ef393\"]');\r\n\r\n        if (!$instance.length) return;\r\n\r\n        $instance.on('click', '.vermas', function() {\r\n            if (window.matchMedia(\"(max-width: 768px)\").matches) {\r\n                const $vermas = $(this);\r\n                const $textos = $instance.find('.texto');\r\n\r\n                $textos.toggleClass('show');\r\n                $vermas.toggleClass('show');\r\n                $vermas.find('span').toggleClass('hide');\r\n            }\r\n        });\r\n    });\r\n<\/script>\r\n<section class=\"galeria_2_2 background-1-dark\" id=\"\" data-block-id=\"69ddfe107b86169ddfe107b862\" data-block-name=\"acf\/galery-2-2\" data-post-id=\"142\" data-stable-id=\"block_a2c20598ae581f796087d00a537936b5\">\r\n    <div class=\"container\">\r\n        <div class=\"row\">\r\n            <div class=\"col col-titulo\">\r\n                                <h2 class=\"color-2-headings-light tamano2\"><span class=\"ez-toc-section\" id=\"Explora_Tenerife\"><\/span>Explora Tenerife<span class=\"ez-toc-section-end\"><\/span><\/h2>\r\n                                                <div class=\"texto color-2-body-light tamano7\"><p>Descubre la majestuosidad de Tenerife con AYM Excursiones. Ofrecemos una amplia gama de excursiones en la isla, desde visitas a impresionantes paisajes volc\u00e1nicos hasta emocionantes aventuras acu\u00e1ticas. Cada excursi\u00f3n est\u00e1 dise\u00f1ada para brindarte una experiencia \u00fanica e inolvidable. Con nosotros, explorar\u00e1s los rincones m\u00e1s espectaculares mientras te relajas en un entorno paradis\u00edaco. Ya sea que busques adrenalina o serenidad, nuestras opciones de excursiones satisfacen todos los gustos. Navega con confianza hacia tu pr\u00f3xima aventura con AYM Excursiones, tus expertos locales en turismo.<\/p>\n<\/div>\r\n                            <\/div>\r\n            <div class=\"col col-portfolios\">\r\n                            <\/div>\r\n\r\n                            <div class=\"col col-enlace\">\r\n                    <a href=\"https:\/\/aventurastenerife.es\/contacto\/\" target=\"\" class=\"btn-round tamano-7-mediumcta color-boton-3-texto-normal color-boton-3-texto-hover color-boton-3-normal color-boton-3-hover\">\r\n    \r\n    <span>Descubre m\u00e1s<\/span>\r\n<\/a>\r\n\r\n<style>\r\n    .btn-border-rounded {\r\n        border-radius: 12px !important;\r\n    }\r\n\r\n    .btn-border-square {\r\n        border-radius: 0 !important;\r\n    }\r\n\r\n    \/* Estilos de hover *\/\r\n    .btn-hover-hover1:hover {\r\n        filter: contrast(0.55);\r\n    }\r\n\r\n    .btn-hover-hover2:hover {\r\n        filter: sepia(2);\r\n    }\r\n\r\n    \/* Estilos del icono cuando existe *\/\r\n    a i {\r\n        margin-right: 8px;\r\n        font-size: 16px;\r\n    }\r\n\r\n    \/* Icono Lucide *\/\r\n    .btn-icon--lucide {\r\n        display: inline-flex;\r\n        align-items: center;\r\n        justify-content: center;\r\n        margin-right: 8px;\r\n    }\r\n\r\n    .btn-icon--lucide svg {\r\n        width: 16px;\r\n        height: 16px;\r\n        display: block;\r\n    }\r\n<\/style>\r\n                <\/div>\r\n                    <\/div>\r\n    <\/div>\r\n<\/section>\r\n<style>\r\n    .galeria_2_2 .col-enlace {\r\n        padding-top: 50px;\r\n        text-align: center;\r\n    }\r\n\r\n    .galeria_2_2 .btn-round {\r\n        border-radius: 60px;\r\n        padding: 12px 25px;\r\n        display: inline-block;\r\n        min-width: 175px;\r\n        text-align: center;\r\n        text-decoration: none;\r\n    }\r\n\r\n    .galeria_2_2 .col-categorias .categorias.activo a:hover {\r\n        text-decoration: underline;\r\n    }\r\n\r\n    .galeria_2_2 .col-categorias .categorias.activo a {\r\n        text-decoration: none;\r\n    }\r\n\r\n    .galeria_2_2 .col-categorias .categorias.activo {\r\n        display: flex;\r\n        align-items: center;\r\n        flex-wrap: wrap;\r\n        gap: 15px;\r\n        position: absolute;\r\n        bottom: -24px;\r\n        background: transparent;\r\n    }\r\n\r\n    .galeria_2_2 .col-categorias .categorias {\r\n        display: none;\r\n    }\r\n\r\n    .galeria_2_2 .col-categorias {\r\n        display: flex;\r\n        margin-bottom: 35px;\r\n        position: relative;\r\n        flex-direction: column;\r\n        justify-content: end;\r\n        align-items: end;\r\n        gap: 5px;\r\n    }\r\n\r\n    .galeria_2_2 .col-categorias .actual {\r\n        display: flex;\r\n        align-items: center;\r\n        cursor: pointer;\r\n        gap: 5px;\r\n    }\r\n\r\n    .galeria_2_2 h2 {\r\n        padding-bottom: 20px;\r\n        text-align: center;\r\n    }\r\n\r\n    .galeria_2_2 .col-titulo .texto {\r\n        padding-bottom: 55px;\r\n        max-width: 585px;\r\n        margin: 0 auto;\r\n        text-align: center;\r\n    }\r\n\r\n    .galeria_2_2 .col-titulo {\r\n        max-width: 1200px;\r\n        margin: 0 auto;\r\n    }\r\n\r\n    .galeria_2_2 .portfolio-item:hover .mask,\r\n    .galeria_2_2 .portfolio-item:hover .meta {\r\n        visibility: visible;\r\n        opacity: 1;\r\n    }\r\n\r\n    .galeria_2_2 .portfolio-item .mask {\r\n        background: rgba(0, 0, 0, 0.20);\r\n        position: absolute;\r\n        top: 0;\r\n        left: 0;\r\n        width: 100%;\r\n        height: 100%;\r\n        opacity: 0;\r\n        visibility: hidden;\r\n    }\r\n\r\n    .galeria_2_2 .portfolio-item .meta {\r\n        position: relative;\r\n        visibility: hidden;\r\n        transition: all ease .3s;\r\n        opacity: 0;\r\n        width: 100%;\r\n        z-index: 1;\r\n    }\r\n\r\n    .galeria_2_2 .col-portfolios {\r\n        display: flex;\r\n        gap: 8px;\r\n        flex-wrap: wrap;\r\n    }\r\n\r\n    .galeria_2_2 .portfolio-item {\r\n        height: 309px;\r\n        width: calc(25% - 6px);\r\n        position: relative;\r\n        text-decoration: none;\r\n        display: block;\r\n        background-position: center;\r\n        background-repeat: no-repeat;\r\n        background-size: cover;\r\n        display: flex;\r\n        align-items: flex-start;\r\n        padding: 15px;\r\n    }\r\n\r\n    .galeria_2_2 .col-paginacion .pagination {\r\n        display: flex;\r\n        gap: 20px;\r\n        justify-content: center;\r\n        align-items: center;\r\n        margin-top: 55px;\r\n    }\r\n\r\n    .galeria_2_2 .col-paginacion a {\r\n        padding: 15px 35px;\r\n        display: block;\r\n        border-radius: 60px;\r\n        text-decoration: none;\r\n    }\r\n\r\n    .galeria_2_2 {\r\n        padding: 80px 0;\r\n    }\r\n\r\n    @media (max-width:1350px) {\r\n        .galeria_2_2 .portfolio-item {\r\n            height: 250px;\r\n        }\r\n    }\r\n\r\n    @media (max-width:1200px) {\r\n        .galeria_2_2 .portfolio-item {\r\n            width: calc(33.33% - 8px);\r\n        }\r\n    }\r\n\r\n    @media (max-width:992px) {\r\n        .galeria_2_2 {\r\n            padding: 40px 0;\r\n        }\r\n\r\n        .galeria_2_2 .portfolio-item {\r\n            width: calc(50% - 4px);\r\n        }\r\n    }\r\n\r\n    @media (max-width:768px) {\r\n        .galeria_2_2 .portfolio-item {\r\n            width: 100%;\r\n        }\r\n\r\n        .galeria_2_2 .col-categorias .categorias.activo {\r\n            position: relative;\r\n            bottom: 0;\r\n            row-gap: 10px;\r\n        }\r\n    }\r\n<\/style>\r\n<script>\r\n    jQuery(document).ready(function() {\r\n        jQuery(\".galeria_2_2 .portfolio-item\").fancybox();\r\n    });\r\n<\/script>\r\n","protected":false},"excerpt":{"rendered":"","protected":false},"author":0,"featured_media":0,"parent":0,"menu_order":0,"comment_status":"open","ping_status":"closed","template":"","meta":{"_acf_changed":false,"iawp_total_views":1,"footnotes":""},"class_list":["post-142","page","type-page","status-publish","hentry"],"acf":[],"yoast_head":"<!-- This site is optimized with the Yoast SEO plugin v27.3 - https:\/\/yoast.com\/product\/yoast-seo-wordpress\/ -->\n<title>Excursiones \u00danicas en Tenerife - AYM Excursiones<\/title>\n<meta name=\"description\" content=\"Descubre Tenerife con AYM Excursiones. Experiencias inolvidables en un entorno paradis\u00edaco con excursiones personalizadas y atenci\u00f3n de calidad.\" \/>\n<meta name=\"robots\" content=\"index, follow, max-snippet:-1, max-image-preview:large, max-video-preview:-1\" \/>\n<link rel=\"canonical\" href=\"https:\/\/aventurastenerife.es\/en\/nosotros\/\" \/>\n<meta property=\"og:locale\" content=\"en_US\" \/>\n<meta property=\"og:type\" content=\"article\" \/>\n<meta property=\"og:title\" content=\"Excursiones \u00danicas en Tenerife - AYM Excursiones\" \/>\n<meta property=\"og:description\" content=\"Descubre Tenerife con AYM Excursiones. Experiencias inolvidables en un entorno paradis\u00edaco con excursiones personalizadas y atenci\u00f3n de calidad.\" \/>\n<meta property=\"og:url\" content=\"https:\/\/aventurastenerife.es\/en\/nosotros\/\" \/>\n<meta property=\"og:site_name\" content=\"AYM EXCURSIONES\" \/>\n<meta property=\"article:modified_time\" content=\"2026-02-06T00:52:57+00:00\" \/>\n<meta name=\"twitter:card\" content=\"summary_large_image\" \/>\n<!-- \/ Yoast SEO plugin. -->","yoast_head_json":{"title":"Excursiones \u00danicas en Tenerife - AYM Excursiones","description":"Descubre Tenerife con AYM Excursiones. Experiencias inolvidables en un entorno paradis\u00edaco con excursiones personalizadas y atenci\u00f3n de calidad.","robots":{"index":"index","follow":"follow","max-snippet":"max-snippet:-1","max-image-preview":"max-image-preview:large","max-video-preview":"max-video-preview:-1"},"canonical":"https:\/\/aventurastenerife.es\/en\/nosotros\/","og_locale":"en_US","og_type":"article","og_title":"Excursiones \u00danicas en Tenerife - AYM Excursiones","og_description":"Descubre Tenerife con AYM Excursiones. Experiencias inolvidables en un entorno paradis\u00edaco con excursiones personalizadas y atenci\u00f3n de calidad.","og_url":"https:\/\/aventurastenerife.es\/en\/nosotros\/","og_site_name":"AYM EXCURSIONES","article_modified_time":"2026-02-06T00:52:57+00:00","twitter_card":"summary_large_image","schema":{"@context":"https:\/\/schema.org","@graph":[{"@type":"WebPage","@id":"https:\/\/aventurastenerife.es\/en\/nosotros\/","url":"https:\/\/aventurastenerife.es\/en\/nosotros\/","name":"Excursiones \u00danicas en Tenerife - AYM Excursiones","isPartOf":{"@id":"https:\/\/aventurastenerife.es\/en\/#website"},"datePublished":"2025-02-27T23:29:45+00:00","dateModified":"2026-02-06T00:52:57+00:00","description":"Descubre Tenerife con AYM Excursiones. Experiencias inolvidables en un entorno paradis\u00edaco con excursiones personalizadas y atenci\u00f3n de calidad.","breadcrumb":{"@id":"https:\/\/aventurastenerife.es\/en\/nosotros\/#breadcrumb"},"inLanguage":"en-US","potentialAction":[{"@type":"ReadAction","target":["https:\/\/aventurastenerife.es\/en\/nosotros\/"]}]},{"@type":"BreadcrumbList","@id":"https:\/\/aventurastenerife.es\/en\/nosotros\/#breadcrumb","itemListElement":[{"@type":"ListItem","position":1,"name":"Portada","item":"https:\/\/aventurastenerife.es\/en\/"},{"@type":"ListItem","position":2,"name":"Nosotros"}]},{"@type":"WebSite","@id":"https:\/\/aventurastenerife.es\/en\/#website","url":"https:\/\/aventurastenerife.es\/en\/","name":"AYM EXCURSIONES","description":"","publisher":{"@id":"https:\/\/aventurastenerife.es\/en\/#organization"},"potentialAction":[{"@type":"SearchAction","target":{"@type":"EntryPoint","urlTemplate":"https:\/\/aventurastenerife.es\/en\/?s={search_term_string}"},"query-input":{"@type":"PropertyValueSpecification","valueRequired":true,"valueName":"search_term_string"}}],"inLanguage":"en-US"},{"@type":"Organization","@id":"https:\/\/aventurastenerife.es\/en\/#organization","name":"AYM EXCURSIONES","url":"https:\/\/aventurastenerife.es\/en\/","logo":{"@type":"ImageObject","inLanguage":"en-US","@id":"https:\/\/aventurastenerife.es\/en\/#\/schema\/logo\/image\/","url":"https:\/\/aventurastenerife.es\/wp-content\/uploads\/2025\/02\/67b8566e01cad_AM-EXCURSIONES.png","contentUrl":"https:\/\/aventurastenerife.es\/wp-content\/uploads\/2025\/02\/67b8566e01cad_AM-EXCURSIONES.png","width":1000,"height":1000,"caption":"AYM EXCURSIONES"},"image":{"@id":"https:\/\/aventurastenerife.es\/en\/#\/schema\/logo\/image\/"}}]}},"_links":{"self":[{"href":"https:\/\/aventurastenerife.es\/en\/wp-json\/wp\/v2\/pages\/142","targetHints":{"allow":["GET"]}}],"collection":[{"href":"https:\/\/aventurastenerife.es\/en\/wp-json\/wp\/v2\/pages"}],"about":[{"href":"https:\/\/aventurastenerife.es\/en\/wp-json\/wp\/v2\/types\/page"}],"replies":[{"embeddable":true,"href":"https:\/\/aventurastenerife.es\/en\/wp-json\/wp\/v2\/comments?post=142"}],"version-history":[{"count":4,"href":"https:\/\/aventurastenerife.es\/en\/wp-json\/wp\/v2\/pages\/142\/revisions"}],"predecessor-version":[{"id":265,"href":"https:\/\/aventurastenerife.es\/en\/wp-json\/wp\/v2\/pages\/142\/revisions\/265"}],"wp:attachment":[{"href":"https:\/\/aventurastenerife.es\/en\/wp-json\/wp\/v2\/media?parent=142"}],"curies":[{"name":"wp","href":"https:\/\/api.w.org\/{rel}","templated":true}]}}